{"id":45,"date":"2023-10-04T12:06:36","date_gmt":"2023-10-04T10:06:36","guid":{"rendered":"http:\/\/www.kreisaerzteschaft-koblenz.de\/php\/wordpress\/?page_id=45"},"modified":"2023-10-05T08:34:28","modified_gmt":"2023-10-05T06:34:28","slug":"vorstand","status":"publish","type":"page","link":"http:\/\/www.kreisaerzteschaft-koblenz.de\/php\/wordpress\/?page_id=45","title":{"rendered":"Vorstand"},"content":{"rendered":"\n<figure class=\"wp-block-table\"><table><tbody><tr><td><strong>&nbsp;<\/strong><\/td><\/tr><tr><td><strong>Vorstandsvorsitzender \/ Kreisobmann<br><\/strong>Dr. med. Hans-Josef M\u00dcLLER<br>Facharzt f\u00fcr Allgemeinmedizin<br>Facharzt f\u00fcr Gyn\u00e4kologie<br>Planstrasse 63<br><br>56072 Koblenz<br><br>Tel.\/Fax: 0261 &#8211; 46564<br><br>Email: <a href=\"mailto:hjmueller@kreisaerzteschaft-koblenz.de\" target=\"_blank\" rel=\"noreferrer noopener\">hjmueller@kreisaerzteschaft-koblenz.de<\/a><br>&nbsp;<\/td><\/tr><tr><td><strong>Stellvertr. Vorsitzender \/ stellvertr. Kreisobmann<br><\/strong>Dr.med. Wolfgang ST\u00dcCK<br>Facharzt f\u00fcr Innere Medizin<br>Triererstrasse 391<br><br>56072 Koblenz<br><br>Tel.: 0261 &#8211; 27 370<br>Fax: 0261 &#8211; 92 22 239<br>Email: <a href=\"mailto:ISDE-dr.stueck@gmx.de\" target=\"_blank\" rel=\"noreferrer noopener\">ISDE-dr.stueck@gmx.de<\/a><\/td><\/tr><tr><td><br><strong>Beisitzer<br>&nbsp;<\/strong><\/td><\/tr><tr><td>Dr.med. Johannes BRINGMANN<br>Facharzt f\u00fcr Allgemeinmedizin<br>Hohenmzollernstrasse 107<br>56068 Koblenz<br>Tel.: 0261 &#8211; 33 561<br>Email: <a href=\"mailto:drbringmann@web.de\" target=\"_blank\" rel=\"noreferrer noopener\">drbringmann@web.de<\/a><\/td><\/tr><tr><td>Dr.med. Dieter HELLING<br>Facharzt f\u00fcr Allgemeinmedizin<br>Casinostrasse 46<br>56068 Koblenz<br>Tel.: 0261 &#8211; 32 323<br>Email: <a href=\"mailto:mail@dr-helling-koblenz.de\" target=\"_blank\" rel=\"noreferrer noopener\">mail@dr-helling-koblenz.de<\/a><\/td><\/tr><tr><td>Dr.med. Helmut KITTLER<br>Facharzt f\u00fcr Innere- und Allgemeinmedizin<br>Planstrasse 17<br>56072 Koblenz<br>Tel.: 0261 &#8211; 43 688<br>Email: <a href=\"mailto:hausarztguels@t-online.de\" target=\"_blank\" rel=\"noreferrer noopener\">hausarztguels@t-online.de<\/a><\/td><\/tr><tr><td>Dr.med. Sandra WELLMANN<br>Fach\u00e4rztin f\u00fcr Innere Medizin<br>Stauseestrasse 6<br>56072 Koblenz<br>Tel.: 0179 &#8211; 70 55 366<br>Email: <a href=\"mailto:wellmann.sandra@web.de\" target=\"_blank\" rel=\"noreferrer noopener\">wellmann.sandra@web.de<\/a><\/td><\/tr><\/tbody><\/table><\/figure>\n","protected":false},"excerpt":{"rendered":"<p>&nbsp; Vorstandsvorsitzender \/ KreisobmannDr. med. Hans-Josef M\u00dcLLERFacharzt f\u00fcr AllgemeinmedizinFacharzt f\u00fcr Gyn\u00e4kologiePlanstrasse 63 56072 Koblenz Tel.\/Fax: 0261 &#8211; 46564 Email: hjmueller@kreisaerzteschaft-koblenz.de&nbsp; Stellvertr. Vorsitzender \/ stellvertr. KreisobmannDr.med. Wolfgang ST\u00dcCKFacharzt f\u00fcr Innere MedizinTriererstrasse 391 56072 Koblenz Tel.: 0261 &#8211; 27 370Fax: 0261 &#8211; &hellip; <a href=\"http:\/\/www.kreisaerzteschaft-koblenz.de\/php\/wordpress\/?page_id=45\">Weiterlesen <span class=\"meta-nav\">&rarr;<\/span><\/a><\/p>\n","protected":false},"author":1,"featured_media":0,"parent":0,"menu_order":2,"comment_status":"closed","ping_status":"closed","template":"","meta":{"footnotes":""},"class_list":["post-45","page","type-page","status-publish","hentry"],"_links":{"self":[{"href":"http:\/\/www.kreisaerzteschaft-koblenz.de\/php\/wordpress\/index.php?rest_route=\/wp\/v2\/pages\/45","targetHints":{"allow":["GET"]}}],"collection":[{"href":"http:\/\/www.kreisaerzteschaft-koblenz.de\/php\/wordpress\/index.php?rest_route=\/wp\/v2\/pages"}],"about":[{"href":"http:\/\/www.kreisaerzteschaft-koblenz.de\/php\/wordpress\/index.php?rest_route=\/wp\/v2\/types\/page"}],"author":[{"embeddable":true,"href":"http:\/\/www.kreisaerzteschaft-koblenz.de\/php\/wordpress\/index.php?rest_route=\/wp\/v2\/users\/1"}],"replies":[{"embeddable":true,"href":"http:\/\/www.kreisaerzteschaft-koblenz.de\/php\/wordpress\/index.php?rest_route=%2Fwp%2Fv2%2Fcomments&post=45"}],"version-history":[{"count":5,"href":"http:\/\/www.kreisaerzteschaft-koblenz.de\/php\/wordpress\/index.php?rest_route=\/wp\/v2\/pages\/45\/revisions"}],"predecessor-version":[{"id":80,"href":"http:\/\/www.kreisaerzteschaft-koblenz.de\/php\/wordpress\/index.php?rest_route=\/wp\/v2\/pages\/45\/revisions\/80"}],"wp:attachment":[{"href":"http:\/\/www.kreisaerzteschaft-koblenz.de\/php\/wordpress\/index.php?rest_route=%2Fwp%2Fv2%2Fmedia&parent=45"}],"curies":[{"name":"wp","href":"https:\/\/api.w.org\/{rel}","templated":true}]}}